{"id":11,"date":"2024-03-29T09:00:06","date_gmt":"2024-03-29T09:00:06","guid":{"rendered":"https:\/\/www.icura.ch\/?page_id=11"},"modified":"2025-09-19T15:52:41","modified_gmt":"2025-09-19T15:52:41","slug":"nachhilfe","status":"publish","type":"page","link":"https:\/\/www.icura.ch\/?page_id=11","title":{"rendered":"Professionelle Nachhilfe"},"content":{"rendered":"\n<p class=\"wp-block-paragraph\"><strong>Professionelle Nachhilfe<\/strong>\u00a0bedeutet mehr als reine Lernunterst\u00fctzung. Im Zentrum stehen die <strong>individuellen <\/strong>Ressourcen, Kompetenzen und St\u00e4rken jedes Lernenden. Ziel ist nicht nur Wissensvermittlung, sondern auch der Aufbau wirksamer Lernmethoden und pers\u00f6nlicher Lernstrategie bzw. F\u00f6rderung der Lern-Skills<\/p>\n\n\n\n<p class=\"wp-block-paragraph\">Eine erfolgreiche Lernbegleitung verbindet <strong>p\u00e4dagogisches Fachwissen <\/strong>mit <strong>klarer Struktur<\/strong>, <strong>Verantwortungsbewusstsein <\/strong>und <strong>vertrauensvoller F\u00fchrung.<\/strong> Neben den Lektionen geh\u00f6ren Vor- und Nachbereitung sowie gemeinsam definierte Lernziele zu den Grundpfeilern des Erfolgs. Dabei spielen Alter, Reife und auch der kulturelle Hintergrund, aber auch fordern und F\u00f6rdern, eine Rolle.<\/p>\n\n\n\n<p class=\"wp-block-paragraph\">Unsere Lernbegleitung erfolgt flexibel \u2013\u00a0<strong>vor Ort, online oder hybrid<\/strong>. Besonders effizient sind Doppellektionen, bei Bedarf auch l\u00e4ngere Einheiten mit Pausen. <strong>Online-Unterricht<\/strong> bietet dabei eine <strong>kostensparende <\/strong>und zeitgem\u00e4\u00dfe L\u00f6sung.<\/p>\n\n\n\n<p class=\"wp-block-paragraph\">Im Gegensatz zu \u00abNachhilfe ab Stange\u00bb, dem Teaching, setzen wir auf Erfahrung, Praxisbezug und nachhaltige Wissensvermittlung \u2013 besonders wertvoll f\u00fcr Lernende in Ausbildung oder Beruf.<\/p>\n","protected":false},"excerpt":{"rendered":"<p>Professionelle Nachhilfe\u00a0bedeutet mehr als reine Lernunterst\u00fctzung. Im Zentrum stehen die individuellen Ressourcen, Kompetenzen und St\u00e4rken jedes Lernenden. Ziel ist nicht nur Wissensvermittlung, sondern auch der Aufbau wirksamer Lernmethoden und pers\u00f6nlicher Lernstrategie bzw. F\u00f6rderung der Lern-Skills Eine erfolgreiche Lernbegleitung verbindet p\u00e4dagogisches Fachwissen mit klarer Struktur, Verantwortungsbewusstsein und vertrauensvoller F\u00fchrung. Neben den&#8230;<\/p>\n","protected":false},"author":1,"featured_media":0,"parent":0,"menu_order":0,"comment_status":"closed","ping_status":"closed","template":"","meta":{"_crdt_document":"","footnotes":""},"class_list":["post-11","page","type-page","status-publish","hentry"],"jetpack_sharing_enabled":true,"_links":{"self":[{"href":"https:\/\/www.icura.ch\/index.php?rest_route=\/wp\/v2\/pages\/11","targetHints":{"allow":["GET"]}}],"collection":[{"href":"https:\/\/www.icura.ch\/index.php?rest_route=\/wp\/v2\/pages"}],"about":[{"href":"https:\/\/www.icura.ch\/index.php?rest_route=\/wp\/v2\/types\/page"}],"author":[{"embeddable":true,"href":"https:\/\/www.icura.ch\/index.php?rest_route=\/wp\/v2\/users\/1"}],"replies":[{"embeddable":true,"href":"https:\/\/www.icura.ch\/index.php?rest_route=%2Fwp%2Fv2%2Fcomments&post=11"}],"version-history":[{"count":4,"href":"https:\/\/www.icura.ch\/index.php?rest_route=\/wp\/v2\/pages\/11\/revisions"}],"predecessor-version":[{"id":1474,"href":"https:\/\/www.icura.ch\/index.php?rest_route=\/wp\/v2\/pages\/11\/revisions\/1474"}],"wp:attachment":[{"href":"https:\/\/www.icura.ch\/index.php?rest_route=%2Fwp%2Fv2%2Fmedia&parent=11"}],"curies":[{"name":"wp","href":"https:\/\/api.w.org\/{rel}","templated":true}]}}