{"id":1218,"date":"2016-09-05T20:07:42","date_gmt":"2016-09-05T20:07:42","guid":{"rendered":"http:\/\/demos.famethemes.com\/screenr\/?page_id=16"},"modified":"2025-09-20T11:27:37","modified_gmt":"2025-09-20T11:27:37","slug":"responsive-web-design","status":"publish","type":"page","link":"https:\/\/www.icura.ch\/?page_id=1218","title":{"rendered":"Professionelle Nachhilfe"},"content":{"rendered":"<p><span style=\"font-size: 0.9375rem;\"><\/p>\n<p><strong>Professionelle Nachhilfe<\/strong>\u00a0bedeutet mehr als reine Lernunterst\u00fctzung. Im Zentrum stehen die <strong>individuellen <\/strong>Ressourcen, Kompetenzen und St\u00e4rken jedes Lernenden. Ziel ist nicht nur Wissensvermittlung, sondern auch der Aufbau wirksamer Lernmethoden und pers\u00f6nlicher Lernstrategie bzw. die F\u00f6rderung der Lern-Skills.<\/p>\n\n\n<p class=\"wp-block-paragraph\">Eine erfolgreiche Lernbegleitung verbindet <strong>p\u00e4dagogisches Fachwissen <\/strong>mit <strong>klarer Struktur<\/strong>, <strong>Verantwortungsbewusstsein <\/strong>und <strong>vertrauensvoller F\u00fchrung.<\/strong> Neben den Lektionen geh\u00f6ren <strong>Vor- und Nachbereitung<\/strong> sowie gemeinsam definierte Lernziele zu den Grundpfeilern des Erfolgs. Dabei spielen Alter, Reife und auch der kulturelle Hintergrund, aber auch fordern und F\u00f6rdern, eine wichtige Rolle.<span style=\"font-size: 0.9375rem;\"><\/span><\/p>\n\n\n\n<p class=\"wp-block-paragraph\">Unsere Lernbegleitung erfolgt flexibel \u2013&nbsp;<strong>vor Ort, online oder hybrid<\/strong>. Besonders effizient sind Doppellektionen, bei Bedarf auch l\u00e4ngere Einheiten mit Pausen. <strong>Online-Unterricht<\/strong> bietet dabei eine <strong>kostensparende <\/strong>und zeitgem\u00e4sse L\u00f6sung.<span style=\"font-size: 0.9375rem;\"><\/span><\/p>\n\n\n<p>Im Gegensatz zu \u00abNachhilfe ab Stange\u00bb, dem Teaching durch g\u00fcnstige Tutoren, meist Studenten oder Praktikanten, setzen wir auf Erfahrung, Praxisbezug und nachhaltige Wissensvermittlung \u2013 besonders wertvoll f\u00fcr Lernende in Ausbildung oder Beruf.<\/p>","protected":false},"excerpt":{"rendered":"<p>Professionelle Nachhilfe ist mehr als Lernunterst\u00fctzung. Es ist Eingehen auf deine Ressourcen, Kompetenzen und St\u00e4rken in deinem Tempo &#8230;<\/p>\n","protected":false},"author":2,"featured_media":1549,"parent":0,"menu_order":0,"comment_status":"closed","ping_status":"closed","template":"","meta":{"_crdt_document":"","footnotes":""},"class_list":["post-1218","page","type-page","status-publish","has-post-thumbnail","hentry"],"jetpack_sharing_enabled":true,"_links":{"self":[{"href":"https:\/\/www.icura.ch\/index.php?rest_route=\/wp\/v2\/pages\/1218","targetHints":{"allow":["GET"]}}],"collection":[{"href":"https:\/\/www.icura.ch\/index.php?rest_route=\/wp\/v2\/pages"}],"about":[{"href":"https:\/\/www.icura.ch\/index.php?rest_route=\/wp\/v2\/types\/page"}],"author":[{"embeddable":true,"href":"https:\/\/www.icura.ch\/index.php?rest_route=\/wp\/v2\/users\/2"}],"replies":[{"embeddable":true,"href":"https:\/\/www.icura.ch\/index.php?rest_route=%2Fwp%2Fv2%2Fcomments&post=1218"}],"version-history":[{"count":9,"href":"https:\/\/www.icura.ch\/index.php?rest_route=\/wp\/v2\/pages\/1218\/revisions"}],"predecessor-version":[{"id":1555,"href":"https:\/\/www.icura.ch\/index.php?rest_route=\/wp\/v2\/pages\/1218\/revisions\/1555"}],"wp:featuredmedia":[{"embeddable":true,"href":"https:\/\/www.icura.ch\/index.php?rest_route=\/wp\/v2\/media\/1549"}],"wp:attachment":[{"href":"https:\/\/www.icura.ch\/index.php?rest_route=%2Fwp%2Fv2%2Fmedia&parent=1218"}],"curies":[{"name":"wp","href":"https:\/\/api.w.org\/{rel}","templated":true}]}}